{"id":4446,"date":"2022-06-28T11:12:34","date_gmt":"2022-06-28T11:12:34","guid":{"rendered":"https:\/\/www.lucasciortino.it\/?page_id=4446"},"modified":"2023-11-07T15:55:57","modified_gmt":"2023-11-07T15:55:57","slug":"iran-da-teheran-a-yazd","status":"publish","type":"page","link":"https:\/\/www.lucasciortino.it\/it\/sguardi\/percorsi\/iran-da-teheran-a-yazd\/","title":{"rendered":"Iran: da Teheran a Yazd"},"content":{"rendered":"<div class=\"wpb-content-wrapper\"><p>[vc_row full_width=&#8221;stretch_row_content&#8221; gap=&#8221;35&#8243;][vc_column el_class=&#8221;pwh_sottosezioni&#8221;][vc_column_text]<\/p>\n<h1 style=\"text-align: center;\"><a href=\"https:\/\/www.lucasciortino.it\/it\/sguardi\/africa\/iran\/\"><strong>Iran: da Teheran a Yazd, Ottobre 2017<\/strong><\/a><\/h1>\n<p>[\/vc_column_text][vc_single_image image=&#8221;4353&#8243; img_size=&#8221;700&#215;222&#8243; alignment=&#8221;center&#8221; style=&#8221;vc_box_border&#8221; border_color=&#8221;black&#8221;][vc_column_text css=&#8221;.vc_custom_1656416640973{margin-top: 10px !important;margin-right: 10px !important;margin-bottom: 10px !important;margin-left: 10px !important;}&#8221;]<\/p>\n<p style=\"text-align: left;\">Nell&#8217;Ottobre\u00a0del \u00a02017 ho viaggiato da Teheran a Yazd attraversando parte dell&#8217;Iran e visitando svariate localit\u00e0 e citt\u00e0, da Kashan a Esfahan a Shiraz. Ho anche visto e partecipato a diversi festeggiamenti, quelli di Ashura, che celebrano il martirio di Al\u00ec, nipote del profeta Maometto. Questa sopra \u00e8 la traiettoria del mio viaggio e qui sotto c&#8217;\u00e8 il \u00a0racconto di questa avventura in immagini e parole.<\/p>\n<p>[\/vc_column_text][\/vc_column][\/vc_row][vc_row full_width=&#8221;stretch_row_content&#8221; gap=&#8221;10&#8243;][vc_column][vc_single_image image=&#8221;4395&#8243; img_size=&#8221;full&#8221; add_caption=&#8221;yes&#8221; alignment=&#8221;center&#8221; title=&#8221;Nei vicoli di Kashan, di notte, Iran, Ottobre 2017&#8243;][vc_single_image image=&#8221;4455&#8243; img_size=&#8221;full&#8221; add_caption=&#8221;yes&#8221; alignment=&#8221;center&#8221; title=&#8221;La bimba di Teheran, Ottobre 2017&#8243;][vc_single_image image=&#8221;4481&#8243; img_size=&#8221;full&#8221; add_caption=&#8221;yes&#8221; alignment=&#8221;center&#8221; title=&#8221;Donne alla festa di Ashura, Iran, Ottobre 2017&#8243;][vc_single_image image=&#8221;4534&#8243; img_size=&#8221;full&#8221; add_caption=&#8221;yes&#8221; alignment=&#8221;center&#8221; title=&#8221;Moschea di Jameh, Yazd, Iran, Ottobre 2017&#8243;][vc_single_image image=&#8221;4537&#8243; img_size=&#8221;full&#8221; add_caption=&#8221;yes&#8221; alignment=&#8221;center&#8221; title=&#8221;Sulla tomba del figlio, Teheran, Iran, Ottobre 2017&#8243;][vc_single_image image=&#8221;4571&#8243; img_size=&#8221;full&#8221; add_caption=&#8221;yes&#8221; alignment=&#8221;center&#8221; title=&#8221;Campagna vicino Shiraz, Iran, Ottobre 2017&#8243;][\/vc_column][\/vc_row]<\/p>\n<\/div>","protected":false},"excerpt":{"rendered":"<p>[vc_row full_width=&#8221;stretch_row_content&#8221; gap=&#8221;35&#8243;][vc_column el_class=&#8221;pwh_sottosezioni&#8221;][vc_column_text] Iran: da Teheran a Yazd, Ottobre 2017 [\/vc_column_text][vc_single_image image=&#8221;4353&#8243; img_size=&#8221;700&#215;222&#8243; alignment=&#8221;center&#8221; style=&#8221;vc_box_border&#8221; border_color=&#8221;black&#8221;][vc_column_text css=&#8221;.vc_custom_1656416640973{margin-top: 10px !important;margin-right: 10px !important;margin-bottom: 10px !important;margin-left: 10px !important;}&#8221;] Nell&#8217;Ottobre\u00a0del \u00a02017 ho viaggiato da Teheran a Yazd attraversando parte dell&#8217;Iran e visitando svariate localit\u00e0 e citt\u00e0, da Kashan a Esfahan a Shiraz. Ho anche visto e partecipato a [&hellip;]<\/p>\n","protected":false},"author":2,"featured_media":0,"parent":454,"menu_order":12,"comment_status":"closed","ping_status":"closed","template":"pwh-page-fullwidth.php","meta":{"footnotes":""},"class_list":["post-4446","page","type-page","status-publish","hentry"],"aioseo_notices":[],"_links":{"self":[{"href":"https:\/\/www.lucasciortino.it\/it\/wp-json\/wp\/v2\/pages\/4446","targetHints":{"allow":["GET"]}}],"collection":[{"href":"https:\/\/www.lucasciortino.it\/it\/wp-json\/wp\/v2\/pages"}],"about":[{"href":"https:\/\/www.lucasciortino.it\/it\/wp-json\/wp\/v2\/types\/page"}],"author":[{"embeddable":true,"href":"https:\/\/www.lucasciortino.it\/it\/wp-json\/wp\/v2\/users\/2"}],"replies":[{"embeddable":true,"href":"https:\/\/www.lucasciortino.it\/it\/wp-json\/wp\/v2\/comments?post=4446"}],"version-history":[{"count":5,"href":"https:\/\/www.lucasciortino.it\/it\/wp-json\/wp\/v2\/pages\/4446\/revisions"}],"predecessor-version":[{"id":4652,"href":"https:\/\/www.lucasciortino.it\/it\/wp-json\/wp\/v2\/pages\/4446\/revisions\/4652"}],"up":[{"embeddable":true,"href":"https:\/\/www.lucasciortino.it\/it\/wp-json\/wp\/v2\/pages\/454"}],"wp:attachment":[{"href":"https:\/\/www.lucasciortino.it\/it\/wp-json\/wp\/v2\/media?parent=4446"}],"curies":[{"name":"wp","href":"https:\/\/api.w.org\/{rel}","templated":true}]}}